{"id":26,"date":"2013-02-19T14:30:29","date_gmt":"2013-02-19T14:30:29","guid":{"rendered":"http:\/\/neu.huette-egenhausen.de\/?page_id=26"},"modified":"2016-08-22T15:56:39","modified_gmt":"2016-08-22T15:56:39","slug":"preise","status":"publish","type":"page","link":"http:\/\/www.huette-egenhausen.de\/?page_id=26","title":{"rendered":"Preise"},"content":{"rendered":"<p>die Mietpreise werden immer pauschal f\u00fcr die Nutzung der H\u00fctte und des Zeltplatzes, unabh\u00e4ngig von der Personenzahl verrechnet.<\/p>\n<p class=\"MsoNormal\" style=\"mso-pagination: none;\"><b style=\"mso-bidi-font-weight: normal;\"><span style=\"mso-bidi-font-size: 10.0pt; font-weight: bold;\">Preise:<br \/>\n<\/span><\/b><\/p>\n<table border=\"1\" width=\"53%\">\n<tbody>\n<tr>\n<td width=\"80%\"><span style=\"mso-bidi-font-size: 10.0pt; mso-bidi-font-weight: bold;\">Wochenende<br \/>\n(Freitag Nachmittag bis Sonntag Nachmittag)<\/span><\/td>\n<td width=\"22%\"><span style=\"mso-bidi-font-size: 10.0pt; mso-bidi-font-weight: bold;\"><b>\u20ac 80,-<br \/>\n<\/b><\/span><\/td>\n<\/tr>\n<tr>\n<td width=\"80%\"><span style=\"mso-bidi-font-size: 10.0pt; mso-bidi-font-weight: bold;\">Tag w\u00e4hrend der Woche<span style=\"mso-spacerun: yes; mso-bidi-font-size: 10.0pt;\"><br \/>\n<\/span><\/span><\/td>\n<td width=\"22%\"><span style=\"mso-bidi-font-size: 10.0pt; mso-bidi-font-weight: bold;\"><b> \u20ac 25,-<br \/>\n<\/b><\/span><\/td>\n<\/tr>\n<tr>\n<td width=\"80%\"><span style=\"mso-bidi-font-size: 10.0pt; mso-bidi-font-weight: bold;\">Kaution<\/span><\/td>\n<td width=\"22%\"><span style=\"mso-bidi-font-size: 10.0pt; mso-bidi-font-weight: bold;\"><b>\u20ac 50,-<br \/>\n<\/b><\/span><\/td>\n<\/tr>\n<\/tbody>\n<\/table>\n<p class=\"MsoNormal\" style=\"mso-pagination: none;\"><span style=\"mso-bidi-font-size: 10.0pt;\">Bitte \u00fcberweisen Sie den Mietpreis und die Kaution rechtzeitig vorher auf das<br \/>\n<\/span><span style=\"mso-bidi-font-size: 10.0pt; font-weight: bold;\"><b>Konto 570496216<\/b><\/span><span style=\"mso-bidi-font-size: 10.0pt;\"> bei der<br \/>\nSparkasse Schweinfurt<br \/>\n<\/span><span style=\"mso-bidi-font-size: 10.0pt;\"> (<b><span style=\"font-weight: bold;\">BLZ 79350101<\/span><\/b>)<br \/>\n<\/span><strong>IBAN: DE31793501010570496216<\/strong><\/p>\n<p class=\"MsoNormal\" style=\"mso-pagination: none;\"><span style=\"mso-bidi-font-size: 10.0pt;\">Die Kaution \u00fcberweisen wir nach ordnungsgem\u00e4\u00dfer \u00dcbergabe der H\u00fctte zur\u00fcck.<\/span><\/p>\n<p>&nbsp;<\/p>\n<p>&nbsp;<\/p>\n<p>&nbsp;<\/p>\n","protected":false},"excerpt":{"rendered":"<p>die Mietpreise werden immer pauschal f\u00fcr die Nutzung der H\u00fctte und des Zeltplatzes, unabh\u00e4ngig von der Personenzahl verrechnet. Preise: Wochenende (Freitag Nachmittag bis Sonntag Nachmittag) \u20ac 80,- Tag w\u00e4hrend der Woche \u20ac 25,- Kaution \u20ac 50,- Bitte \u00fcberweisen Sie den Mietpreis und die Kaution rechtzeitig vorher auf das Konto 570496216 bei der Sparkasse Schweinfurt (BLZ &hellip; <a href=\"http:\/\/www.huette-egenhausen.de\/?page_id=26\" class=\"more-link\"><span class=\"screen-reader-text\">Preise<\/span> weiterlesen <span class=\"meta-nav\">&rarr;<\/span><\/a><\/p>\n","protected":false},"author":1,"featured_media":0,"parent":0,"menu_order":3,"comment_status":"closed","ping_status":"closed","template":"","meta":{"footnotes":""},"class_list":["post-26","page","type-page","status-publish","hentry"],"_links":{"self":[{"href":"http:\/\/www.huette-egenhausen.de\/index.php?rest_route=\/wp\/v2\/pages\/26","targetHints":{"allow":["GET"]}}],"collection":[{"href":"http:\/\/www.huette-egenhausen.de\/index.php?rest_route=\/wp\/v2\/pages"}],"about":[{"href":"http:\/\/www.huette-egenhausen.de\/index.php?rest_route=\/wp\/v2\/types\/page"}],"author":[{"embeddable":true,"href":"http:\/\/www.huette-egenhausen.de\/index.php?rest_route=\/wp\/v2\/users\/1"}],"replies":[{"embeddable":true,"href":"http:\/\/www.huette-egenhausen.de\/index.php?rest_route=%2Fwp%2Fv2%2Fcomments&post=26"}],"version-history":[{"count":9,"href":"http:\/\/www.huette-egenhausen.de\/index.php?rest_route=\/wp\/v2\/pages\/26\/revisions"}],"predecessor-version":[{"id":199,"href":"http:\/\/www.huette-egenhausen.de\/index.php?rest_route=\/wp\/v2\/pages\/26\/revisions\/199"}],"wp:attachment":[{"href":"http:\/\/www.huette-egenhausen.de\/index.php?rest_route=%2Fwp%2Fv2%2Fmedia&parent=26"}],"curies":[{"name":"wp","href":"https:\/\/api.w.org\/{rel}","templated":true}]}}